{"id":39,"date":"2023-09-15T17:13:34","date_gmt":"2023-09-15T17:13:34","guid":{"rendered":"https:\/\/courtspadel.com\/?page_id=39"},"modified":"2025-08-27T00:28:31","modified_gmt":"2025-08-26T22:28:31","slug":"fabrica-canchas-de-padel","status":"publish","type":"page","link":"https:\/\/padelcourtsmaster.uk\/index.php\/fabrica-canchas-de-padel\/","title":{"rendered":"Fabrica"},"content":{"rendered":"<section class=\"l-section wpb_row us_custom_623ba360 height_auto color_secondary with_video with_vimeo\"><div id=\"us_bg_video_ve1f\" class=\"l-section-video\"><script id=\"us_bg_video_ve1f-script\">!function(w){var node = document.getElementById( 'us_bg_video_ve1f' );if ( w.innerWidth <= 100 ) { node.remove() }}(window);<\/script><style>@media(max-width:100px){#us_bg_video_ve1f{display:none!important}}<\/style><script class=\"vimeo_ve1f\">\r\n\t\t\t\t\tvar script = document.createElement( \"script\" );\r\n\t\t\t\t\tscript.classList.add( \"vimeo_ve1f\" );\r\n\t\t\t\t\tscript.src = \"https:\/\/player.vimeo.com\/api\/player.js\";\r\n\t\t\t\t\tscript.onload = function() {\r\n\t\t\t\t\t\tvar player = new Vimeo.Player( \"us_bg_video_ve1f\", {\r\n\t\t\t\t\t\t\tid: \"1078879189\",\r\n\t\t\t\t\t\t\twidth: window.innerWidth,\r\n\t\t\t\t\t\t\t\"autopause\":false,\"controls\":false,\"autoplay\":true,\"byline\":false,\"loop\":true,\"muted\":true,\"title\":false\r\n\t\t\t\t\t\t} );\r\n\t\t\t\t\t\tplayer.ready().then( function() {\r\n\t\t\t\t\t\t\tplayer.element.allow = \"autoplay; fullscreen; picture-in-picture\";\r\n\t\t\t\t\t\t\tplayer.element.loading = \"lazy\";\r\n\t\t\t\t\t\t\tplayer.element.dispatchEvent( new Event( \"resize\", { bubbles: true } ) );\r\n\t\t\t\t\t\t} );\r\n\t\t\t\t\t\tdocument.querySelectorAll( \"script.vimeo_ve1f\" ).forEach( function( node ) { node.remove() } );\r\n\t\t\t\t\t};\r\n\t\t\t\t\tdocument.head.append( script );\r\n\t\t\t\t<\/script><\/div><div class=\"l-section-h i-cf\"><div class=\"g-cols vc_row via_grid cols_1 laptops-cols_inherit tablets-cols_1 mobiles-cols_1 valign_top type_default reversed stacking_default\" style=\"--columns-gap:0rem;\"><div class=\"wpb_column vc_column_container us_custom_e5713a0c\"><div class=\"vc_column-inner\"><div class=\"w-separator size_custom\" style=\"height:500px\"><\/div><div class=\"w-hwrapper us_custom_9d93c437 valign_middle wrap align_none\" style=\"--hwrapper-gap:3rem\"><\/div><\/div><\/div><\/div><\/div><\/section><section class=\"l-section wpb_row us_custom_e86c806a height_auto width_full\"><div class=\"l-section-h i-cf\"><div class=\"g-cols vc_row via_grid cols_1-2 laptops-cols_1 tablets-cols_inherit mobiles-cols_1 valign_top type_default stacking_default\" style=\"--columns-gap:0rem;\"><div class=\"wpb_column vc_column_container us_custom_ef154288 type_sticky\"><div class=\"vc_column-inner\"><div class=\"wpb_text_column us_custom_6df4bc3a has_text_color\"><div class=\"wpb_wrapper\"><h3 data-start=\"222\" data-end=\"283\"><strong data-start=\"222\" data-end=\"281\">EXPERTOS EN CONSTRUCCI\u00d3N DE PISTAS DE P\u00c1DEL EN COLOMBIA<\/strong><\/h3>\n<p data-start=\"285\" data-end=\"527\">Somos especialistas en p\u00e1del con m\u00e1s de 10 a\u00f1os de experiencia en infraestructura deportiva. Nos dedicamos a la fabricaci\u00f3n, venta, instalaci\u00f3n y servicio postventa de canchas de p\u00e1del en Bogot\u00e1, Medell\u00edn, Cali, Barranquilla y todo el pa\u00eds.<\/p>\n<p data-start=\"529\" data-end=\"678\">Nuestro equipo t\u00e9cnico acompa\u00f1a cada etapa del proceso de construcci\u00f3n, desde el dise\u00f1o hasta la instalaci\u00f3n final, garantizando la m\u00e1xima calidad.<\/p>\n<p data-start=\"680\" data-end=\"896\">M\u00e1s de 1.500 pistas de p\u00e1del instaladas en Colombia y el mundo avalan nuestro trabajo. Cada proyecto mantiene nuestro sello de excelencia, ofreciendo canchas resistentes, modernas y listas para la alta competencia.<\/p>\n<div class=\"wpb_text_column parrafo\">\n<div class=\"wpb_wrapper\">\n<p>\u00a0<\/p>\n<p>\u00a0<\/p>\n<\/div>\n<\/div>\n<\/div><\/div><\/div><\/div><div class=\"wpb_column vc_column_container us_custom_f0e8df9d\"><div class=\"vc_column-inner\"><div class=\"g-cols wpb_row via_grid cols_3 laptops-cols_inherit tablets-cols_2 mobiles-cols_1 valign_top type_default stacking_default\" style=\"--columns-gap:0rem;\"><div class=\"wpb_column vc_column_container\"><div class=\"vc_column-inner\"><div class=\"w-image us_custom_e2668a32 has_ratio align_none has_bg_color\"><a href=\"https:\/\/padelcourtsmaster.com\/\ud83c\udfc6-padel-courts-master-fue-la-pista-oficial-del-premier-padel-p1-santiago-2025-con-su-modelo-full-view-calidad-y-visibilidad-al-mas-alto-nivel\/\" aria-label=\"Technologia de punta en la fabricacion de canchas de padel premium para colombia\" class=\"w-image-h\"><div style=\"padding-bottom:133.3333%\"><\/div><img decoding=\"async\" width=\"683\" height=\"1024\" src=\"https:\/\/padelcourtsmaster.uk\/wp-content\/uploads\/2025\/08\/soldadura-robot-683x1024-1.jpg\" class=\"attachment-full size-full\" alt=\"brazo robotizado para canchas de padel\" loading=\"lazy\" \/><\/a><\/div><div class=\"w-separator size_small\"><\/div><h3 class=\"w-text\"><span class=\"w-text-h\"><span class=\"w-text-value\">ROBOTIZACION<\/span><\/span><\/h3><div class=\"w-text us_custom_6df4bc3a has_text_color\"><span class=\"w-text-h\"><span class=\"w-text-value\">Contamos con brazo robotizado de soldadura l\u00e1ser para los procesos de nuestras canchas de p\u00e1del.<\/span><\/span><\/div><div class=\"w-separator size_small\"><\/div><div class=\"w-separator size_small\"><\/div><\/div><\/div><div class=\"wpb_column vc_column_container\"><div class=\"vc_column-inner\"><div class=\"w-image us_custom_c4409e14 has_ratio align_none has_bg_color\"><div class=\"w-image-h\"><div style=\"padding-bottom:133.3333%\"><\/div><img decoding=\"async\" width=\"526\" height=\"1015\" src=\"https:\/\/padelcourtsmaster.uk\/wp-content\/uploads\/2025\/08\/panoramic.jpg\" class=\"attachment-full size-full\" alt=\"cesped o grama turfgrass padel\" loading=\"lazy\" \/><\/div><\/div><div class=\"w-separator size_small\"><\/div><h3 class=\"w-text\"><span class=\"w-text-h\"><span class=\"w-text-value\">CESPED PREMIUM<\/span><\/span><\/h3><div class=\"w-text us_custom_6df4bc3a has_text_color\"><span class=\"w-text-h\"><span class=\"w-text-value\">Contamos con el respaldo de los mejores proveedores de pasto sint\u00e9tico para canchas de p\u00e1del en PU de 5 metros.<\/span><\/span><\/div><div class=\"w-separator size_small\"><\/div><\/div><\/div><div class=\"wpb_column vc_column_container\"><div class=\"vc_column-inner\"><div class=\"w-image us_custom_7e97866a has_ratio align_none has_bg_color\"><a href=\"https:\/\/padelcourtsmaster.com\/world-padel-tour-2023\/\" aria-label=\"\u00bfBUSCAS UNA cancha de padel profesional a la medida para colombia?\" class=\"w-image-h\"><div style=\"padding-bottom:133.3333%\"><\/div><img decoding=\"async\" width=\"526\" height=\"1015\" src=\"https:\/\/padelcourtsmaster.uk\/wp-content\/uploads\/2025\/08\/elite-court.jpg\" class=\"attachment-large size-large\" alt=\"canchas de padel a la venta en colombia\" loading=\"lazy\" \/><\/a><\/div><div class=\"w-separator size_small\"><\/div><h3 class=\"w-text\"><span class=\"w-text-h\"><span class=\"w-text-value\">GARANTIA<\/span><\/span><\/h3><div class=\"w-text us_custom_97dd6e03 has_text_color\"><span class=\"w-text-h\"><span class=\"w-text-value\">Todas nuestras canchas de p\u00e1del cuentan con garant\u00eda de f\u00e1brica estructural sobre los 10 a\u00f1os.<\/span><\/span><\/div><div class=\"w-separator size_small\"><\/div><\/div><\/div><div class=\"wpb_column vc_column_container\"><div class=\"vc_column-inner\"><div class=\"w-image us_custom_f97e3b99 has_ratio align_none\"><a href=\"https:\/\/padelcourtsmaster.com\/a1-padel\/\" aria-label=\"fabricamos pistas de padel profesionales para todo colombia\" class=\"w-image-h\"><div style=\"padding-bottom:133.3333%\"><\/div><img decoding=\"async\" width=\"502\" height=\"863\" src=\"https:\/\/padelcourtsmaster.uk\/wp-content\/uploads\/2025\/08\/ultra.jpg\" class=\"attachment-large size-large\" alt=\"pistas profesionales de padel para colombia\" loading=\"lazy\" \/><\/a><\/div><div class=\"w-separator size_small\"><\/div><h3 class=\"w-text\"><span class=\"w-text-h\"><span class=\"w-text-value\">ULTRA PADEL<\/span><\/span><\/h3><div class=\"w-text us_custom_6df4bc3a has_text_color\"><span class=\"w-text-h\"><span class=\"w-text-value\">Construimos pistas profesionales en las principales franquicias deportivas alrededor del mundo.<\/span><\/span><\/div><div class=\"w-separator size_small\"><\/div><div class=\"w-separator size_small\"><\/div><\/div><\/div><div class=\"wpb_column vc_column_container\"><div class=\"vc_column-inner\"><div class=\"w-image us_custom_f97e3b99 has_ratio align_none\"><a href=\"https:\/\/padelcourtsmaster.com\/pala-to-2023\/\" aria-label=\"por primera vez somos la cancha de padel oficial del evento m\u00e1s grande del mundo del padel\" class=\"w-image-h\"><div style=\"padding-bottom:133.3333%\"><\/div><img decoding=\"async\" width=\"1024\" height=\"1024\" src=\"https:\/\/padelcourtsmaster.uk\/wp-content\/uploads\/2025\/08\/premier-2024-1024x1024.webp\" class=\"attachment-large size-large\" alt=\"premier padel cancha oficial p1\" loading=\"lazy\" \/><\/a><\/div><div class=\"w-separator size_small\"><\/div><h3 class=\"w-text\"><span class=\"w-text-h\"><span class=\"w-text-value\">PREMIER<\/span><\/span><\/h3><div class=\"w-text us_custom_6df4bc3a has_text_color\"><span class=\"w-text-h\"><span class=\"w-text-value\">Pista oficial  durante los ultimos cinco a\u00f1os de las principales franquicias deportivas alrededor del mundo.<\/span><\/span><\/div><div class=\"w-separator size_small\"><\/div><\/div><\/div><div class=\"wpb_column vc_column_container\"><div class=\"vc_column-inner\"><div class=\"w-image us_custom_f97e3b99 has_ratio align_center\"><a href=\"https:\/\/padelcourtsmaster.com\/pala-tour-2023-2022\/\" aria-label=\"fabricacion robotizada para canchaas de padel para colombia\" class=\"w-image-h\"><div style=\"padding-bottom:133.3333%\"><\/div><img decoding=\"async\" width=\"1024\" height=\"683\" src=\"https:\/\/padelcourtsmaster.uk\/wp-content\/uploads\/2025\/08\/tipos_cortes_metal_a_voz_da_industria-scaled-1-1024x683.jpg\" class=\"attachment-large size-large\" alt=\"corte laser pistas de padel\" loading=\"lazy\" \/><\/a><\/div><div class=\"w-separator size_small\"><\/div><h3 class=\"w-text\"><span class=\"w-text-h\"><span class=\"w-text-value\">INNOVACION<\/span><\/span><\/h3><div class=\"w-text us_custom_6df4bc3a has_text_color\"><span class=\"w-text-h\"><span class=\"w-text-value\">Contamos a 2025 con una de las plantas m\u00e1s modernas en la construcci\u00f3n de pistas de padel deluxe.<\/span><\/span><\/div><div class=\"w-separator size_small\"><\/div><\/div><\/div><\/div><\/div><\/div><\/div><\/div><\/section><section class=\"l-section wpb_row us_custom_b5359140 height_medium width_custom\" style=\"--site-content-width:1140px;\" id=\"third\"><div class=\"l-section-h i-cf\"><div class=\"g-cols vc_row via_grid cols_1 laptops-cols_inherit tablets-cols_1 mobiles-cols_1 valign_top type_default stacking_default\"><div class=\"wpb_column vc_column_container\"><div class=\"vc_column-inner\"><div class=\"wpb_text_column\"><div class=\"wpb_wrapper\"><h1 style=\"text-align: center;\">Alta tecnolog\u00eda en la fabricaci\u00f3n de pistas de padel<\/h1>\n<\/div><\/div><div class=\"w-separator size_medium\"><\/div><div class=\"g-cols wpb_row via_grid cols_3 laptops-cols_inherit tablets-cols_2 mobiles-cols_1 valign_top type_default stacking_default\" style=\"--columns-gap:4rem;\"><div class=\"wpb_column vc_column_container\"><div class=\"vc_column-inner\"><div class=\"w-iconbox iconpos_left style_circle color_primary align_left\"><div class=\"w-iconbox-icon\" style=\"font-size:1rem;\"><i class=\"far fa-window-restore\"><\/i><\/div><div class=\"w-iconbox-meta\"><h4 class=\"w-iconbox-title\" style=\"font-size:1.1rem;\">Pistas de padel dom\u00f3ticas<\/h4><div class=\"w-iconbox-text\"><p>Contamos con tecnolog\u00eda robotizada para crear unas\u00a0pistas de p\u00e1del\u00a0modernas y duraderas.<\/p>\n<\/div><\/div><\/div><\/div><\/div><div class=\"wpb_column vc_column_container\"><div class=\"vc_column-inner\"><div class=\"w-iconbox iconpos_left style_circle color_primary align_left\"><div class=\"w-iconbox-icon\" style=\"font-size:1rem;\"><i class=\"far fa-thumbs-up\"><\/i><\/div><div class=\"w-iconbox-meta\"><h4 class=\"w-iconbox-title\" style=\"font-size:1.1rem;\">Pista de padel a medida<\/h4><div class=\"w-iconbox-text\"><p>Realizamos todo tipo de proyectos de padel a medida. Somos fabricantes de\u00a0pistas de padel personalizadas a indicaci\u00f3n del cliente.<\/p>\n<\/div><\/div><\/div><\/div><\/div><div class=\"wpb_column vc_column_container\"><div class=\"vc_column-inner\"><div class=\"w-iconbox iconpos_left style_circle color_primary align_left\"><div class=\"w-iconbox-icon\" style=\"font-size:1rem;\"><i class=\"far fa-object-ungroup\"><\/i><\/div><div class=\"w-iconbox-meta\"><h4 class=\"w-iconbox-title\" style=\"font-size:1.1rem;\">Proveedor para competiciones de p\u00e1del<\/h4><div class=\"w-iconbox-text\"><p>Somos la pista oficial de numerosos torneos de p\u00e1del internacionales.<\/p>\n<\/div><\/div><\/div><\/div><\/div><div class=\"wpb_column vc_column_container\"><div class=\"vc_column-inner\"><div class=\"w-iconbox iconpos_left style_circle color_primary align_left\"><div class=\"w-iconbox-icon\" style=\"font-size:1rem;\"><i class=\"far fa-square\"><\/i><\/div><div class=\"w-iconbox-meta\"><h4 class=\"w-iconbox-title\" style=\"font-size:1.1rem;\">Equipo t\u00e9cnico<\/h4><div class=\"w-iconbox-text\"><p>Mas de 100 personas expertas en padel trabajan para entregar las mejores pistas alrededor del mundo. Un equipo \u00fanico y experimentado.<\/p>\n<\/div><\/div><\/div><\/div><\/div><div class=\"wpb_column vc_column_container\"><div class=\"vc_column-inner\"><div class=\"w-iconbox iconpos_left style_circle color_primary align_left\"><div class=\"w-iconbox-icon\" style=\"font-size:1rem;\"><i class=\"far fa-compass\"><\/i><\/div><div class=\"w-iconbox-meta\"><h4 class=\"w-iconbox-title\" style=\"font-size:1.1rem;\">Pistas para clubes de padel, hoteles y urbanizaciones<\/h4><div class=\"w-iconbox-text\"><p>Contamos con diversos formatos de pistas profesionales para clubes, residencias u hoteles.<\/p>\n<\/div><\/div><\/div><\/div><\/div><div class=\"wpb_column vc_column_container\"><div class=\"vc_column-inner\"><div class=\"w-iconbox iconpos_left style_circle color_primary align_left\"><div class=\"w-iconbox-icon\" style=\"font-size:1rem;\"><i class=\"far fa-image\"><\/i><\/div><div class=\"w-iconbox-meta\"><h4 class=\"w-iconbox-title\" style=\"font-size:1.1rem;\">Fabricante de pistas de padel internacional<\/h4><div class=\"w-iconbox-text\"><p>Mas de 1200 pistas fabricadas e instaladas en el ultimo tiempo, avalan nuestro trabajo en m\u00e1s de 8 pa\u00edses a nivel internacional.<\/p>\n<\/div><\/div><\/div><\/div><\/div><div class=\"wpb_column vc_column_container\"><div class=\"vc_column-inner\"><div class=\"w-iconbox iconpos_left style_circle color_primary align_left\"><div class=\"w-iconbox-icon\" style=\"font-size:1rem;\"><i class=\"far fa-gem\"><\/i><\/div><div class=\"w-iconbox-meta\"><h4 class=\"w-iconbox-title\" style=\"font-size:1.1rem;\">Garantia de la pista de padel<\/h4><div class=\"w-iconbox-text\"><p>Nuestras pistas cuentan con la calidad, el respaldo\u00a0 y garantia por contrato en cada proyecto.<\/p>\n<\/div><\/div><\/div><\/div><\/div><div class=\"wpb_column vc_column_container\"><div class=\"vc_column-inner\"><div class=\"w-iconbox iconpos_left style_circle color_primary align_left\"><div class=\"w-iconbox-icon\" style=\"font-size:1rem;\"><i class=\"far fa-hand-point-up\"><\/i><\/div><div class=\"w-iconbox-meta\"><h4 class=\"w-iconbox-title\" style=\"font-size:1.1rem;\">Pistas de padel reglamentarias<\/h4><div class=\"w-iconbox-text\"><p>Pistas de Padel fabricadas seg\u00fan la normativa de la Federaci\u00f3n Internacional de p\u00e1del.<\/p>\n<\/div><\/div><\/div><\/div><\/div><div class=\"wpb_column vc_column_container\"><div class=\"vc_column-inner\"><div class=\"w-iconbox iconpos_left style_circle color_primary align_left\"><div class=\"w-iconbox-icon\" style=\"font-size:1rem;\"><i class=\"far fa-star\"><\/i><\/div><div class=\"w-iconbox-meta\"><h4 class=\"w-iconbox-title\" style=\"font-size:1.1rem;\">Alta calidad de materiales<\/h4><div class=\"w-iconbox-text\"><p>Pistas profesionales a tu medida, c\u00e9sped rizado de calidad, galvanizadas en caliente para dar mucho tiempo de vida respecto de las pistas tradicionales.<\/p>\n<\/div><\/div><\/div><\/div><\/div><\/div><\/div><\/div><\/div><\/div><\/section>\n","protected":false},"excerpt":{"rendered":"EXPERTOS EN CONSTRUCCI\u00d3N DE PISTAS DE P\u00c1DEL EN COLOMBIA Somos especialistas en p\u00e1del con m\u00e1s de 10 a\u00f1os de experiencia en infraestructura deportiva. Nos dedicamos a la fabricaci\u00f3n, venta, instalaci\u00f3n y servicio postventa de canchas de p\u00e1del en Bogot\u00e1, Medell\u00edn, Cali, Barranquilla y todo el pa\u00eds. Nuestro equipo t\u00e9cnico acompa\u00f1a cada etapa del proceso de...","protected":false},"author":1,"featured_media":0,"parent":0,"menu_order":0,"comment_status":"closed","ping_status":"closed","template":"","meta":{"footnotes":""},"class_list":["post-39","page","type-page","status-publish","hentry"],"aioseo_notices":[],"_links":{"self":[{"href":"https:\/\/padelcourtsmaster.uk\/index.php\/wp-json\/wp\/v2\/pages\/39","targetHints":{"allow":["GET"]}}],"collection":[{"href":"https:\/\/padelcourtsmaster.uk\/index.php\/wp-json\/wp\/v2\/pages"}],"about":[{"href":"https:\/\/padelcourtsmaster.uk\/index.php\/wp-json\/wp\/v2\/types\/page"}],"author":[{"embeddable":true,"href":"https:\/\/padelcourtsmaster.uk\/index.php\/wp-json\/wp\/v2\/users\/1"}],"replies":[{"embeddable":true,"href":"https:\/\/padelcourtsmaster.uk\/index.php\/wp-json\/wp\/v2\/comments?post=39"}],"version-history":[{"count":38,"href":"https:\/\/padelcourtsmaster.uk\/index.php\/wp-json\/wp\/v2\/pages\/39\/revisions"}],"predecessor-version":[{"id":562,"href":"https:\/\/padelcourtsmaster.uk\/index.php\/wp-json\/wp\/v2\/pages\/39\/revisions\/562"}],"wp:attachment":[{"href":"https:\/\/padelcourtsmaster.uk\/index.php\/wp-json\/wp\/v2\/media?parent=39"}],"curies":[{"name":"wp","href":"https:\/\/api.w.org\/{rel}","templated":true}]}}