{"id":456,"date":"2024-01-02T04:57:36","date_gmt":"2024-01-02T03:57:36","guid":{"rendered":"https:\/\/padelcourtsmaster.uk\/?page_id=456"},"modified":"2025-08-29T21:12:08","modified_gmt":"2025-08-29T19:12:08","slug":"blog","status":"publish","type":"page","link":"https:\/\/padelcourtsmaster.uk\/index.php\/blog\/","title":{"rendered":"blog"},"content":{"rendered":"<section class=\"l-section wpb_row us_custom_c70c97eb height_medium\"><div class=\"l-section-h i-cf\"><div class=\"g-cols vc_row via_grid cols_1 laptops-cols_inherit tablets-cols_inherit mobiles-cols_1 valign_top type_default stacking_default\"><div class=\"wpb_column vc_column_container\"><div class=\"vc_column-inner\"><div class=\"wpb_text_column\"><div class=\"wpb_wrapper\"><h2 style=\"text-align: center;\">NUESTRO COMPLETO BLOG PARA LA FABRICACION E INSTALACION DE CANCHAS DE PADEL PARA COLOMBIA<\/h2>\n<\/div><\/div><div class=\"w-separator size_large\"><\/div><div class=\"w-grid type_grid layout_blog_5 cols_3\" id=\"us_grid_1\" style=\"--columns:3;--gap:1.5rem;\" data-filterable=\"true\"><style>@media (max-width:1024px){#us_grid_1{--columns:2!important}}@media (max-width:600px){#us_grid_1{--columns:1!important}}.layout_blog_5 .w-grid-item-h{}.layout_blog_5 .usg_post_image_1{width:30%!important;margin-right:5%!important}.layout_blog_5 .usg_post_title_1{font-size:1.2rem!important;margin-bottom:0.3rem!important}.layout_blog_5 .usg_post_date_1{color:var(--color-content-faded)!important;font-size:0.8rem!important;line-height:1.6!important}<\/style><div class=\"w-grid-list\">\t<article class=\"w-grid-item size_1x1 post-667 post type-post status-publish format-standard hentry category-blog\" data-id=\"667\">\r\n\t\t<div class=\"w-grid-item-h\">\r\n\t\t\t\t\t\t<div class=\"w-hwrapper usg_hwrapper_1 align_none valign_top\"><div class=\"w-post-elm post_image usg_post_image_1 has_width has_ratio with_placeholder\"><a href=\"https:\/\/padelcourtsmaster.uk\/index.php\/2025\/08\/29\/667\/\" aria-label=\"Padel Courts Master: Pista Oficial del Premier Padel Chile 2024\"><img loading=\"lazy\" decoding=\"async\" class=\"g-placeholder\" src=\"https:\/\/padelcourtsmaster.uk\/wp-content\/plugins\/us-core\/assets\/images\/placeholder.svg\" width=\"150\" height=\"150\" alt><\/a><div style=\"padding-bottom:100%\"><\/div><\/div><div class=\"w-vwrapper usg_vwrapper_1 align_none valign_top\"><h2 class=\"w-post-elm post_title usg_post_title_1 entry-title color_link_inherit\"><a href=\"https:\/\/padelcourtsmaster.uk\/index.php\/2025\/08\/29\/667\/\">Padel Courts Master: Pista Oficial del Premier Padel Chile 2024<\/a><\/h2><time class=\"w-post-elm post_date usg_post_date_1 has_text_color entry-date published\" datetime=\"2025-08-29T21:07:57+02:00\" title=\"29 agosto 2025 a las 21:07:57 Europe\/Madrid\">hace 7 meses<\/time><\/div><\/div>\t\t<\/div>\r\n\t\t\t<\/article>\r\n\t<article class=\"w-grid-item size_1x1 post-647 post type-post status-publish format-standard hentry category-blog\" data-id=\"647\">\r\n\t\t<div class=\"w-grid-item-h\">\r\n\t\t\t\t\t\t<div class=\"w-hwrapper usg_hwrapper_1 align_none valign_top\"><div class=\"w-post-elm post_image usg_post_image_1 has_width has_ratio with_placeholder\"><a href=\"https:\/\/padelcourtsmaster.uk\/index.php\/2025\/08\/29\/647\/\" aria-label=\"PADEL MASTER PISTA OFICIAL P1 PREMIER SANTIAGO 2025\"><img loading=\"lazy\" decoding=\"async\" class=\"g-placeholder\" src=\"https:\/\/padelcourtsmaster.uk\/wp-content\/plugins\/us-core\/assets\/images\/placeholder.svg\" width=\"150\" height=\"150\" alt><\/a><div style=\"padding-bottom:100%\"><\/div><\/div><div class=\"w-vwrapper usg_vwrapper_1 align_none valign_top\"><h2 class=\"w-post-elm post_title usg_post_title_1 entry-title color_link_inherit\"><a href=\"https:\/\/padelcourtsmaster.uk\/index.php\/2025\/08\/29\/647\/\">PADEL MASTER PISTA OFICIAL P1 PREMIER SANTIAGO 2025<\/a><\/h2><time class=\"w-post-elm post_date usg_post_date_1 has_text_color entry-date published\" datetime=\"2025-08-29T20:07:47+02:00\" title=\"29 agosto 2025 a las 20:07:47 Europe\/Madrid\">hace 7 meses<\/time><\/div><\/div>\t\t<\/div>\r\n\t\t\t<\/article>\r\n\t<article class=\"w-grid-item size_1x1 post-313 post type-post status-publish format-standard hentry category-blog\" data-id=\"313\">\r\n\t\t<div class=\"w-grid-item-h\">\r\n\t\t\t\t\t\t<div class=\"w-hwrapper usg_hwrapper_1 align_none valign_top\"><div class=\"w-post-elm post_image usg_post_image_1 has_width has_ratio with_placeholder\"><a href=\"https:\/\/padelcourtsmaster.uk\/index.php\/2023\/12\/31\/hola-mundo-2\/\" aria-label=\"Aumenta la vida \u00fatil de tu pista con galvanizado en caliente\"><img loading=\"lazy\" decoding=\"async\" class=\"g-placeholder\" src=\"https:\/\/padelcourtsmaster.uk\/wp-content\/plugins\/us-core\/assets\/images\/placeholder.svg\" width=\"150\" height=\"150\" alt><\/a><div style=\"padding-bottom:100%\"><\/div><\/div><div class=\"w-vwrapper usg_vwrapper_1 align_none valign_top\"><h2 class=\"w-post-elm post_title usg_post_title_1 entry-title color_link_inherit\"><a href=\"https:\/\/padelcourtsmaster.uk\/index.php\/2023\/12\/31\/hola-mundo-2\/\">Aumenta la vida \u00fatil de tu pista con galvanizado en caliente<\/a><\/h2><time class=\"w-post-elm post_date usg_post_date_1 has_text_color entry-date published\" datetime=\"2023-12-31T05:44:41+01:00\" title=\"31 diciembre 2023 a las 05:44:41 Europe\/Madrid\">hace 2 a\u00f1os<\/time><\/div><\/div>\t\t<\/div>\r\n\t\t\t<\/article>\r\n\t<article class=\"w-grid-item size_1x1 post-325 post type-post status-publish format-standard hentry category-blog\" data-id=\"325\">\r\n\t\t<div class=\"w-grid-item-h\">\r\n\t\t\t\t\t\t<div class=\"w-hwrapper usg_hwrapper_1 align_none valign_top\"><div class=\"w-post-elm post_image usg_post_image_1 has_width has_ratio with_placeholder\"><a href=\"https:\/\/padelcourtsmaster.uk\/index.php\/2023\/12\/31\/319-2\/\" aria-label=\"La importancia fisica del padel\"><img loading=\"lazy\" decoding=\"async\" class=\"g-placeholder\" src=\"https:\/\/padelcourtsmaster.uk\/wp-content\/plugins\/us-core\/assets\/images\/placeholder.svg\" width=\"150\" height=\"150\" alt><\/a><div style=\"padding-bottom:100%\"><\/div><\/div><div class=\"w-vwrapper usg_vwrapper_1 align_none valign_top\"><h2 class=\"w-post-elm post_title usg_post_title_1 entry-title color_link_inherit\"><a href=\"https:\/\/padelcourtsmaster.uk\/index.php\/2023\/12\/31\/319-2\/\">La importancia fisica del padel<\/a><\/h2><time class=\"w-post-elm post_date usg_post_date_1 has_text_color entry-date published\" datetime=\"2023-12-31T05:44:40+01:00\" title=\"31 diciembre 2023 a las 05:44:40 Europe\/Madrid\">hace 2 a\u00f1os<\/time><\/div><\/div>\t\t<\/div>\r\n\t\t\t<\/article>\r\n\t<article class=\"w-grid-item size_1x1 post-326 post type-post status-publish format-standard hentry category-blog\" data-id=\"326\">\r\n\t\t<div class=\"w-grid-item-h\">\r\n\t\t\t\t\t\t<div class=\"w-hwrapper usg_hwrapper_1 align_none valign_top\"><div class=\"w-post-elm post_image usg_post_image_1 has_width has_ratio with_placeholder\"><a href=\"https:\/\/padelcourtsmaster.uk\/index.php\/2023\/12\/31\/321-2\/\" aria-label=\"\u00bfQu\u00e9 significa dtex en el cesped de padel ?\"><img loading=\"lazy\" decoding=\"async\" class=\"g-placeholder\" src=\"https:\/\/padelcourtsmaster.uk\/wp-content\/plugins\/us-core\/assets\/images\/placeholder.svg\" width=\"150\" height=\"150\" alt><\/a><div style=\"padding-bottom:100%\"><\/div><\/div><div class=\"w-vwrapper usg_vwrapper_1 align_none valign_top\"><h2 class=\"w-post-elm post_title usg_post_title_1 entry-title color_link_inherit\"><a href=\"https:\/\/padelcourtsmaster.uk\/index.php\/2023\/12\/31\/321-2\/\">\u00bfQu\u00e9 significa dtex en el cesped de padel ?<\/a><\/h2><time class=\"w-post-elm post_date usg_post_date_1 has_text_color entry-date published\" datetime=\"2023-12-31T05:44:39+01:00\" title=\"31 diciembre 2023 a las 05:44:39 Europe\/Madrid\">hace 2 a\u00f1os<\/time><\/div><\/div>\t\t<\/div>\r\n\t\t\t<\/article>\r\n\t<article class=\"w-grid-item size_1x1 post-322 post type-post status-publish format-standard hentry category-blog\" data-id=\"322\">\r\n\t\t<div class=\"w-grid-item-h\">\r\n\t\t\t\t\t\t<div class=\"w-hwrapper usg_hwrapper_1 align_none valign_top\"><div class=\"w-post-elm post_image usg_post_image_1 has_width has_ratio with_placeholder\"><a href=\"https:\/\/padelcourtsmaster.uk\/index.php\/2023\/12\/31\/__trashed\/\" aria-label=\"Galvanizado en caliente zinc\"><img loading=\"lazy\" decoding=\"async\" class=\"g-placeholder\" src=\"https:\/\/padelcourtsmaster.uk\/wp-content\/plugins\/us-core\/assets\/images\/placeholder.svg\" width=\"150\" height=\"150\" alt><\/a><div style=\"padding-bottom:100%\"><\/div><\/div><div class=\"w-vwrapper usg_vwrapper_1 align_none valign_top\"><h2 class=\"w-post-elm post_title usg_post_title_1 entry-title color_link_inherit\"><a href=\"https:\/\/padelcourtsmaster.uk\/index.php\/2023\/12\/31\/__trashed\/\">Galvanizado en caliente zinc<\/a><\/h2><time class=\"w-post-elm post_date usg_post_date_1 has_text_color entry-date published\" datetime=\"2023-12-31T05:44:38+01:00\" title=\"31 diciembre 2023 a las 05:44:38 Europe\/Madrid\">hace 2 a\u00f1os<\/time><\/div><\/div>\t\t<\/div>\r\n\t\t\t<\/article>\r\n\t<article class=\"w-grid-item size_1x1 post-385 post type-post status-publish format-standard hentry category-blog\" data-id=\"385\">\r\n\t\t<div class=\"w-grid-item-h\">\r\n\t\t\t\t\t\t<div class=\"w-hwrapper usg_hwrapper_1 align_none valign_top\"><div class=\"w-post-elm post_image usg_post_image_1 has_width has_ratio with_placeholder\"><a href=\"https:\/\/padelcourtsmaster.uk\/index.php\/2023\/12\/31\/colombia\/\" aria-label=\"El crecimiento del padel en Colombia\"><img loading=\"lazy\" decoding=\"async\" class=\"g-placeholder\" src=\"https:\/\/padelcourtsmaster.uk\/wp-content\/plugins\/us-core\/assets\/images\/placeholder.svg\" width=\"150\" height=\"150\" alt><\/a><div style=\"padding-bottom:100%\"><\/div><\/div><div class=\"w-vwrapper usg_vwrapper_1 align_none valign_top\"><h2 class=\"w-post-elm post_title usg_post_title_1 entry-title color_link_inherit\"><a href=\"https:\/\/padelcourtsmaster.uk\/index.php\/2023\/12\/31\/colombia\/\">El crecimiento del padel en Colombia<\/a><\/h2><time class=\"w-post-elm post_date usg_post_date_1 has_text_color entry-date published\" datetime=\"2023-12-31T05:44:32+01:00\" title=\"31 diciembre 2023 a las 05:44:32 Europe\/Madrid\">hace 2 a\u00f1os<\/time><\/div><\/div>\t\t<\/div>\r\n\t\t\t<\/article>\r\n\t<article class=\"w-grid-item size_1x1 post-399 post type-post status-publish format-standard hentry category-blog\" data-id=\"399\">\r\n\t\t<div class=\"w-grid-item-h\">\r\n\t\t\t\t\t\t<div class=\"w-hwrapper usg_hwrapper_1 align_none valign_top\"><div class=\"w-post-elm post_image usg_post_image_1 has_width has_ratio with_placeholder\"><a href=\"https:\/\/padelcourtsmaster.uk\/index.php\/2023\/12\/31\/auge\/\" aria-label=\"El P\u00e1del en Auge: Los Pa\u00edses con Mayor N\u00famero de Pistas en el Mundo\"><img loading=\"lazy\" decoding=\"async\" class=\"g-placeholder\" src=\"https:\/\/padelcourtsmaster.uk\/wp-content\/plugins\/us-core\/assets\/images\/placeholder.svg\" width=\"150\" height=\"150\" alt><\/a><div style=\"padding-bottom:100%\"><\/div><\/div><div class=\"w-vwrapper usg_vwrapper_1 align_none valign_top\"><h2 class=\"w-post-elm post_title usg_post_title_1 entry-title color_link_inherit\"><a href=\"https:\/\/padelcourtsmaster.uk\/index.php\/2023\/12\/31\/auge\/\">El P\u00e1del en Auge: Los Pa\u00edses con Mayor N\u00famero de Pistas en el Mundo<\/a><\/h2><time class=\"w-post-elm post_date usg_post_date_1 has_text_color entry-date published\" datetime=\"2023-12-31T05:42:17+01:00\" title=\"31 diciembre 2023 a las 05:42:17 Europe\/Madrid\">hace 2 a\u00f1os<\/time><\/div><\/div>\t\t<\/div>\r\n\t\t\t<\/article>\r\n\t<article class=\"w-grid-item size_1x1 post-397 post type-post status-publish format-standard hentry category-blog\" data-id=\"397\">\r\n\t\t<div class=\"w-grid-item-h\">\r\n\t\t\t\t\t\t<div class=\"w-hwrapper usg_hwrapper_1 align_none valign_top\"><div class=\"w-post-elm post_image usg_post_image_1 has_width has_ratio with_placeholder\"><a href=\"https:\/\/padelcourtsmaster.uk\/index.php\/2023\/12\/31\/porque\/\" aria-label=\"\u00bfPor qu\u00e9 el padel ha crecido tanto?\"><img loading=\"lazy\" decoding=\"async\" class=\"g-placeholder\" src=\"https:\/\/padelcourtsmaster.uk\/wp-content\/plugins\/us-core\/assets\/images\/placeholder.svg\" width=\"150\" height=\"150\" alt><\/a><div style=\"padding-bottom:100%\"><\/div><\/div><div class=\"w-vwrapper usg_vwrapper_1 align_none valign_top\"><h2 class=\"w-post-elm post_title usg_post_title_1 entry-title color_link_inherit\"><a href=\"https:\/\/padelcourtsmaster.uk\/index.php\/2023\/12\/31\/porque\/\">\u00bfPor qu\u00e9 el padel ha crecido tanto?<\/a><\/h2><time class=\"w-post-elm post_date usg_post_date_1 has_text_color entry-date published\" datetime=\"2023-12-31T05:41:28+01:00\" title=\"31 diciembre 2023 a las 05:41:28 Europe\/Madrid\">hace 2 a\u00f1os<\/time><\/div><\/div>\t\t<\/div>\r\n\t\t\t<\/article>\r\n\t<article class=\"w-grid-item size_1x1 post-395 post type-post status-publish format-standard hentry category-blog\" data-id=\"395\">\r\n\t\t<div class=\"w-grid-item-h\">\r\n\t\t\t\t\t\t<div class=\"w-hwrapper usg_hwrapper_1 align_none valign_top\"><div class=\"w-post-elm post_image usg_post_image_1 has_width has_ratio with_placeholder\"><a href=\"https:\/\/padelcourtsmaster.uk\/index.php\/2023\/12\/31\/colombia-2\/\" aria-label=\"El padel en Colombia\"><img loading=\"lazy\" decoding=\"async\" class=\"g-placeholder\" src=\"https:\/\/padelcourtsmaster.uk\/wp-content\/plugins\/us-core\/assets\/images\/placeholder.svg\" width=\"150\" height=\"150\" alt><\/a><div style=\"padding-bottom:100%\"><\/div><\/div><div class=\"w-vwrapper usg_vwrapper_1 align_none valign_top\"><h2 class=\"w-post-elm post_title usg_post_title_1 entry-title color_link_inherit\"><a href=\"https:\/\/padelcourtsmaster.uk\/index.php\/2023\/12\/31\/colombia-2\/\">El padel en Colombia<\/a><\/h2><time class=\"w-post-elm post_date usg_post_date_1 has_text_color entry-date published\" datetime=\"2023-12-31T05:37:57+01:00\" title=\"31 diciembre 2023 a las 05:37:57 Europe\/Madrid\">hace 2 a\u00f1os<\/time><\/div><\/div>\t\t<\/div>\r\n\t\t\t<\/article>\r\n\t<article class=\"w-grid-item size_1x1 post-393 post type-post status-publish format-standard hentry category-blog\" data-id=\"393\">\r\n\t\t<div class=\"w-grid-item-h\">\r\n\t\t\t\t\t\t<div class=\"w-hwrapper usg_hwrapper_1 align_none valign_top\"><div class=\"w-post-elm post_image usg_post_image_1 has_width has_ratio with_placeholder\"><a href=\"https:\/\/padelcourtsmaster.uk\/index.php\/2023\/12\/31\/colombia-2-2\/\" aria-label=\"El padel en Colombia\"><img loading=\"lazy\" decoding=\"async\" class=\"g-placeholder\" src=\"https:\/\/padelcourtsmaster.uk\/wp-content\/plugins\/us-core\/assets\/images\/placeholder.svg\" width=\"150\" height=\"150\" alt><\/a><div style=\"padding-bottom:100%\"><\/div><\/div><div class=\"w-vwrapper usg_vwrapper_1 align_none valign_top\"><h2 class=\"w-post-elm post_title usg_post_title_1 entry-title color_link_inherit\"><a href=\"https:\/\/padelcourtsmaster.uk\/index.php\/2023\/12\/31\/colombia-2-2\/\">El padel en Colombia<\/a><\/h2><time class=\"w-post-elm post_date usg_post_date_1 has_text_color entry-date published\" datetime=\"2023-12-31T05:26:37+01:00\" title=\"31 diciembre 2023 a las 05:26:37 Europe\/Madrid\">hace 2 a\u00f1os<\/time><\/div><\/div>\t\t<\/div>\r\n\t\t\t<\/article>\r\n\t<article class=\"w-grid-item size_1x1 post-391 post type-post status-publish format-standard hentry category-blog\" data-id=\"391\">\r\n\t\t<div class=\"w-grid-item-h\">\r\n\t\t\t\t\t\t<div class=\"w-hwrapper usg_hwrapper_1 align_none valign_top\"><div class=\"w-post-elm post_image usg_post_image_1 has_width has_ratio with_placeholder\"><a href=\"https:\/\/padelcourtsmaster.uk\/index.php\/2023\/12\/31\/colombia-5\/\" aria-label=\"El padel en el mundo\"><img loading=\"lazy\" decoding=\"async\" class=\"g-placeholder\" src=\"https:\/\/padelcourtsmaster.uk\/wp-content\/plugins\/us-core\/assets\/images\/placeholder.svg\" width=\"150\" height=\"150\" alt><\/a><div style=\"padding-bottom:100%\"><\/div><\/div><div class=\"w-vwrapper usg_vwrapper_1 align_none valign_top\"><h2 class=\"w-post-elm post_title usg_post_title_1 entry-title color_link_inherit\"><a href=\"https:\/\/padelcourtsmaster.uk\/index.php\/2023\/12\/31\/colombia-5\/\">El padel en el mundo<\/a><\/h2><time class=\"w-post-elm post_date usg_post_date_1 has_text_color entry-date published\" datetime=\"2023-12-31T05:26:22+01:00\" title=\"31 diciembre 2023 a las 05:26:22 Europe\/Madrid\">hace 2 a\u00f1os<\/time><\/div><\/div>\t\t<\/div>\r\n\t\t\t<\/article>\r\n<\/div><div class=\"w-grid-preloader\">\t<div class=\"g-preloader type_1\">\r\n\t\t<div><\/div>\r\n\t<\/div>\r\n\t<\/div>\t<div class=\"w-grid-json hidden\" onclick='return {&quot;action&quot;:&quot;us_ajax_grid&quot;,&quot;infinite_scroll&quot;:0,&quot;max_num_pages&quot;:1,&quot;pagination&quot;:&quot;none&quot;,&quot;template_vars&quot;:{&quot;columns&quot;:&quot;3&quot;,&quot;exclude_items&quot;:&quot;none&quot;,&quot;img_size&quot;:&quot;default&quot;,&quot;ignore_items_size&quot;:0,&quot;items_layout&quot;:&quot;blog_5&quot;,&quot;items_offset&quot;:&quot;1&quot;,&quot;load_animation&quot;:&quot;none&quot;,&quot;overriding_link&quot;:&quot;%7B%22url%22%3A%22%22%7D&quot;,&quot;post_id&quot;:0,&quot;query_args&quot;:{&quot;post_type&quot;:[&quot;post&quot;],&quot;post_status&quot;:[&quot;publish&quot;],&quot;ignore_sticky_posts&quot;:1,&quot;posts_per_page&quot;:&quot;50&quot;},&quot;orderby_query_args&quot;:{&quot;orderby&quot;:{&quot;date&quot;:&quot;DESC&quot;}},&quot;type&quot;:&quot;grid&quot;,&quot;us_grid_post_type&quot;:&quot;post&quot;,&quot;us_grid_ajax_index&quot;:1,&quot;us_grid_filter_query_string&quot;:null,&quot;us_grid_index&quot;:1,&quot;page_args&quot;:[]}}'><\/div>\r\n\t<\/div><\/div><\/div><\/div><\/div><\/section>\n","protected":false},"excerpt":{"rendered":"En los \u00faltimos a\u00f1os, hemos sido testigos del incre\u00edble crecimiento del p\u00e1del en Colombia. Este deporte, que combina elementos del tenis y el squash, ha ganado popularidad de manera impresionante y se ha convertido en una verdadera fiebre entre los amantes del deporte en el pa\u00eds. El p\u00e1del se ha expandido r\u00e1pidamente en todas las...","protected":false},"author":1,"featured_media":0,"parent":0,"menu_order":0,"comment_status":"closed","ping_status":"closed","template":"","meta":{"footnotes":""},"class_list":["post-456","page","type-page","status-publish","hentry"],"aioseo_notices":[],"_links":{"self":[{"href":"https:\/\/padelcourtsmaster.uk\/index.php\/wp-json\/wp\/v2\/pages\/456","targetHints":{"allow":["GET"]}}],"collection":[{"href":"https:\/\/padelcourtsmaster.uk\/index.php\/wp-json\/wp\/v2\/pages"}],"about":[{"href":"https:\/\/padelcourtsmaster.uk\/index.php\/wp-json\/wp\/v2\/types\/page"}],"author":[{"embeddable":true,"href":"https:\/\/padelcourtsmaster.uk\/index.php\/wp-json\/wp\/v2\/users\/1"}],"replies":[{"embeddable":true,"href":"https:\/\/padelcourtsmaster.uk\/index.php\/wp-json\/wp\/v2\/comments?post=456"}],"version-history":[{"count":4,"href":"https:\/\/padelcourtsmaster.uk\/index.php\/wp-json\/wp\/v2\/pages\/456\/revisions"}],"predecessor-version":[{"id":676,"href":"https:\/\/padelcourtsmaster.uk\/index.php\/wp-json\/wp\/v2\/pages\/456\/revisions\/676"}],"wp:attachment":[{"href":"https:\/\/padelcourtsmaster.uk\/index.php\/wp-json\/wp\/v2\/media?parent=456"}],"curies":[{"name":"wp","href":"https:\/\/api.w.org\/{rel}","templated":true}]}}