{"id":511,"date":"2025-08-25T15:08:00","date_gmt":"2025-08-25T13:08:00","guid":{"rendered":"https:\/\/padelcourtsmaster.uk\/index.php\/inicio\/"},"modified":"2025-08-29T20:57:15","modified_gmt":"2025-08-29T18:57:15","slug":"inicio","status":"publish","type":"page","link":"https:\/\/padelcourtsmaster.uk\/","title":{"rendered":"Inicio"},"content":{"rendered":"<section class=\"l-section wpb_row height_medium with_video with_vimeo\"><div id=\"us_bg_video_x30d\" class=\"l-section-video\"><script id=\"us_bg_video_x30d-script\">!function(w){var node = document.getElementById( 'us_bg_video_x30d' );if ( w.innerWidth <= 100 ) { node.remove() }}(window);<\/script><style>@media(max-width:100px){#us_bg_video_x30d{display:none!important}}<\/style><script class=\"vimeo_x30d\">\r\n\t\t\t\t\tvar script = document.createElement( \"script\" );\r\n\t\t\t\t\tscript.classList.add( \"vimeo_x30d\" );\r\n\t\t\t\t\tscript.src = \"https:\/\/player.vimeo.com\/api\/player.js\";\r\n\t\t\t\t\tscript.onload = function() {\r\n\t\t\t\t\t\tvar player = new Vimeo.Player( \"us_bg_video_x30d\", {\r\n\t\t\t\t\t\t\tid: \"1078801398\",\r\n\t\t\t\t\t\t\twidth: window.innerWidth,\r\n\t\t\t\t\t\t\t\"autopause\":false,\"controls\":false,\"autoplay\":true,\"byline\":false,\"loop\":true,\"muted\":true,\"title\":false\r\n\t\t\t\t\t\t} );\r\n\t\t\t\t\t\tplayer.ready().then( function() {\r\n\t\t\t\t\t\t\tplayer.element.allow = \"autoplay; fullscreen; picture-in-picture\";\r\n\t\t\t\t\t\t\tplayer.element.loading = \"lazy\";\r\n\t\t\t\t\t\t\tplayer.element.dispatchEvent( new Event( \"resize\", { bubbles: true } ) );\r\n\t\t\t\t\t\t} );\r\n\t\t\t\t\t\tdocument.querySelectorAll( \"script.vimeo_x30d\" ).forEach( function( node ) { node.remove() } );\r\n\t\t\t\t\t};\r\n\t\t\t\t\tdocument.head.append( script );\r\n\t\t\t\t<\/script><\/div><div class=\"l-section-h i-cf\"><div class=\"g-cols vc_row via_grid cols_1 laptops-cols_inherit tablets-cols_inherit mobiles-cols_1 valign_top type_default stacking_default\"><div class=\"wpb_column vc_column_container\"><div class=\"vc_column-inner\"><div class=\"w-separator size_huge\"><\/div><div class=\"w-separator size_huge\"><\/div><div class=\"w-hwrapper valign_top stack_on_mobiles align_center\"><div class=\"w-btn-wrapper align_none\"><a class=\"w-btn us-btn-style_1\" href=\"https:\/\/padelcourtsmaster.uk\/index.php\/venta-canchas-de-padel-colombia\/\"><span class=\"w-btn-label\">VER MODELOS<\/span><\/a><\/div><div class=\"w-btn-wrapper align_none\"><a class=\"w-btn us-btn-style_2\" href=\"https:\/\/padelcourtsmaster.uk\/index.php\/contact\/\"><span class=\"w-btn-label\">CONTACTO<\/span><\/a><\/div><\/div><div class=\"w-hwrapper valign_top stack_on_mobiles align_center\" style=\"--hwrapper-gap:2rem\"><\/div><\/div><\/div><\/div><\/div><\/section><section class=\"l-section wpb_row us_custom_b9880e6b height_medium\"><div class=\"l-section-h i-cf\"><div class=\"g-cols vc_row via_grid cols_1 laptops-cols_inherit tablets-cols_inherit mobiles-cols_1 valign_top type_default stacking_default\"><div class=\"wpb_column vc_column_container\"><div class=\"vc_column-inner\"><div class=\"w-vwrapper us_custom_db98bc72 align_center valign_top\" style=\"--vwrapper-gap:0rem\"><div class=\"w-text us_custom_0259209c has_text_color\"><span class=\"w-text-h\"><span class=\"w-text-value\">PROVEEDOR DE CANCHAS DE PADEL<\/span><\/span><\/div><div class=\"w-text us_custom_e5230c7d has_text_color\"><span class=\"w-text-h\"><span class=\"w-text-value\">pARA COLOMBIA<\/span><\/span><\/div><\/div><\/div><\/div><\/div><\/div><\/section><section class=\"l-section wpb_row us_custom_2f8c96ae has_text_color height_medium color_footer-bottom\"><div class=\"l-section-h i-cf\"><div class=\"g-cols vc_row via_grid cols_2 laptops-cols_inherit tablets-cols_1 mobiles-cols_1 valign_top type_default stacking_default\"><div class=\"wpb_column vc_column_container\"><div class=\"vc_column-inner\"><div class=\"g-cols wpb_row via_grid cols_2 laptops-cols_inherit tablets-cols_2-3 mobiles-cols_1 valign_middle type_default stacking_default\" style=\"--columns-gap:1.7vw;\"><div class=\"wpb_column vc_column_container\"><div class=\"vc_column-inner\"><div class=\"w-image has_ratio align_none\"><div class=\"w-image-h\"><div style=\"padding-bottom:133.3333%\"><\/div><img decoding=\"async\" width=\"1024\" height=\"1024\" src=\"https:\/\/padelcourtsmaster.uk\/wp-content\/uploads\/2025\/08\/premier-2024-1024x1024.webp\" class=\"attachment-large size-large\" alt=\"premier padel cancha oficial p1\" loading=\"lazy\" \/><\/div><\/div><\/div><\/div><div class=\"wpb_column vc_column_container\"><div class=\"vc_column-inner\"><div class=\"w-separator size_small\"><\/div><div class=\"w-text us_custom_c80d50f7 has_text_color\"><span class=\"w-text-h\"><span class=\"w-text-value\">2024<\/span><\/span><\/div><div class=\"w-separator size_small\"><\/div><div class=\"wpb_text_column us_custom_e97fee93 has_text_color\"><div class=\"wpb_wrapper\"><h3><a href=\"https:\/\/padelcourtsmaster.uk\/index.php\/2025\/08\/29\/647\/\"><strong><span style=\"color: #ffffff;\">PREMIER<\/span><\/strong><\/a><br \/><strong><span style=\"color: #ffffff;\">PADEL<\/span><\/strong><\/h3>\n<p>Padel Master y tres pistas fueron la vitrina de Premier Padel P1.<\/p>\n<\/div><\/div><div class=\"w-separator us_custom_8143f49a size_small\"><\/div><\/div><\/div><\/div><\/div><\/div><div class=\"wpb_column vc_column_container\"><div class=\"vc_column-inner\"><div class=\"g-cols wpb_row via_grid cols_2 laptops-cols_inherit tablets-cols_2-3 mobiles-cols_1 valign_middle type_default stacking_default\" style=\"--columns-gap:1.7vw;\"><div class=\"wpb_column vc_column_container\"><div class=\"vc_column-inner\"><div class=\"w-image has_ratio align_none\"><div class=\"w-image-h\"><div style=\"padding-bottom:133.3333%\"><\/div><img decoding=\"async\" width=\"1024\" height=\"1024\" src=\"https:\/\/padelcourtsmaster.uk\/wp-content\/uploads\/2025\/08\/premier-1024x1024.webp\" class=\"attachment-large size-large\" alt=\"premier 2025 pista by padel court master\" loading=\"lazy\" \/><\/div><\/div><\/div><\/div><div class=\"wpb_column vc_column_container\"><div class=\"vc_column-inner\"><div class=\"w-separator size_small\"><\/div><div class=\"w-text us_custom_c80d50f7 has_text_color\"><span class=\"w-text-h\"><span class=\"w-text-value\">2025<\/span><\/span><\/div><div class=\"w-separator size_small\"><\/div><div class=\"wpb_text_column us_custom_214cff5d\"><div class=\"wpb_wrapper\"><h3><a href=\"https:\/\/padelcourtsmaster.uk\/index.php\/2025\/08\/29\/647\/\"><strong><span style=\"color: #ffffff;\">PREMIER<\/span><\/strong><\/a><br \/><strong><span style=\"color: #ffffff;\">PADEL<\/span><\/strong><\/h3>\n<p>Por segundo a\u00f1o fuimos pista oficial del circuito m\u00e1s grande del mundo.<\/p>\n<\/div><\/div><div class=\"w-separator us_custom_8143f49a size_small\"><\/div><\/div><\/div><\/div><\/div><\/div><div class=\"wpb_column vc_column_container\"><div class=\"vc_column-inner\"><div class=\"g-cols wpb_row via_grid cols_2 laptops-cols_inherit tablets-cols_2-3 mobiles-cols_1 valign_middle type_default stacking_default\" style=\"--columns-gap:1.7vw;\"><div class=\"wpb_column vc_column_container\"><div class=\"vc_column-inner\"><div class=\"w-image has_ratio align_none\"><div class=\"w-image-h\"><div style=\"padding-bottom:133.3333%\"><\/div><img decoding=\"async\" width=\"1024\" height=\"1024\" src=\"https:\/\/padelcourtsmaster.uk\/wp-content\/uploads\/2025\/08\/a1-padel-1024x1024.webp\" class=\"attachment-large size-large\" alt=\"instalamos nuestra cancha de padel en a1\" loading=\"lazy\" \/><\/div><\/div><\/div><\/div><div class=\"wpb_column vc_column_container\"><div class=\"vc_column-inner\"><div class=\"w-separator size_small\"><\/div><div class=\"w-text us_custom_c80d50f7 has_text_color\"><span class=\"w-text-h\"><span class=\"w-text-value\">2023<\/span><\/span><\/div><div class=\"w-separator size_small\"><\/div><div class=\"wpb_text_column us_custom_214cff5d\"><div class=\"wpb_wrapper\"><h3><strong><span style=\"color: #ffffff;\">A1<\/span><\/strong><br \/><strong><span style=\"color: #ffffff;\">PADEL<\/span><\/strong><\/h3>\n<p>Pista Full View escogida como oficial en el torneo de A1 PADEL.<\/p>\n<\/div><\/div><div class=\"w-separator us_custom_8143f49a size_small\"><\/div><\/div><\/div><\/div><\/div><\/div><div class=\"wpb_column vc_column_container\"><div class=\"vc_column-inner\"><div class=\"g-cols wpb_row via_grid cols_2 laptops-cols_inherit tablets-cols_2-3 mobiles-cols_1 valign_middle type_default stacking_default\" style=\"--columns-gap:1.7vw;\"><div class=\"wpb_column vc_column_container\"><div class=\"vc_column-inner\"><div class=\"w-image has_ratio align_none\"><div class=\"w-image-h\"><div style=\"padding-bottom:133.3333%\"><\/div><img decoding=\"async\" width=\"1024\" height=\"1024\" src=\"https:\/\/padelcourtsmaster.uk\/wp-content\/uploads\/2025\/08\/pala-tour-2023-1024x1024-1.webp\" class=\"attachment-large size-large\" alt=\"pala tour 2022\" loading=\"lazy\" \/><\/div><\/div><\/div><\/div><div class=\"wpb_column vc_column_container\"><div class=\"vc_column-inner\"><div class=\"w-separator size_small\"><\/div><div class=\"w-text us_custom_c80d50f7 has_text_color\"><span class=\"w-text-h\"><span class=\"w-text-value\">2023<\/span><\/span><\/div><div class=\"w-separator size_small\"><\/div><div class=\"wpb_text_column us_custom_214cff5d\"><div class=\"wpb_wrapper\"><h3><strong><span style=\"color: #ffffff;\">PALA<\/span><\/strong><br \/><strong><span style=\"color: #ffffff;\">TOUR<\/span><\/strong><\/h3>\n<p>Pista oficial del torneo de maestros del padel en Santiago de Chile.<\/p>\n<\/div><\/div><div class=\"w-separator us_custom_8143f49a size_small\"><\/div><\/div><\/div><\/div><\/div><\/div><div class=\"wpb_column vc_column_container\"><div class=\"vc_column-inner\"><div class=\"g-cols wpb_row via_grid cols_2 laptops-cols_inherit tablets-cols_2-3 mobiles-cols_1 valign_middle type_default stacking_default\" style=\"--columns-gap:1.7vw;\"><div class=\"wpb_column vc_column_container\"><div class=\"vc_column-inner\"><div class=\"w-image has_ratio align_none\"><div class=\"w-image-h\"><div style=\"padding-bottom:133.3333%\"><\/div><img decoding=\"async\" width=\"1024\" height=\"1024\" src=\"https:\/\/padelcourtsmaster.uk\/wp-content\/uploads\/2025\/08\/world-padel-tour-1024x1024.webp\" class=\"attachment-large size-large\" alt=\"proveedor 2023 wpt cancha de padel\" loading=\"lazy\" \/><\/div><\/div><\/div><\/div><div class=\"wpb_column vc_column_container\"><div class=\"vc_column-inner\"><div class=\"w-separator size_small\"><\/div><div class=\"w-text us_custom_6df4bc3a has_text_color\"><span class=\"w-text-h\"><span class=\"w-text-value\">2023<\/span><\/span><\/div><div class=\"w-separator size_small\"><\/div><div class=\"wpb_text_column us_custom_214cff5d\"><div class=\"wpb_wrapper\"><h3><strong><span style=\"color: #ffffff;\">WORLD\u00a0 PADEL TOUR<\/span><\/strong><\/h3>\n<p>4 pistas oficiales para el torneo m\u00e1s grande del\u00a0 p\u00e1del mundial en Am\u00e9rica.<\/p>\n<\/div><\/div><div class=\"w-separator us_custom_8143f49a size_small\"><\/div><\/div><\/div><\/div><\/div><\/div><div class=\"wpb_column vc_column_container\"><div class=\"vc_column-inner\"><div class=\"g-cols wpb_row via_grid cols_2 laptops-cols_inherit tablets-cols_2-3 mobiles-cols_1 valign_middle type_default stacking_default\" style=\"--columns-gap:1.7vw;\"><div class=\"wpb_column vc_column_container\"><div class=\"vc_column-inner\"><div class=\"w-image has_ratio align_none\"><div class=\"w-image-h\"><div style=\"padding-bottom:133.3333%\"><\/div><img decoding=\"async\" width=\"1024\" height=\"1024\" src=\"https:\/\/padelcourtsmaster.uk\/wp-content\/uploads\/2025\/08\/pala-tour-1024x1024-1.webp\" class=\"attachment-large size-large\" alt=\"evento profesional pala tour 2023\" loading=\"lazy\" \/><\/div><\/div><\/div><\/div><div class=\"wpb_column vc_column_container\"><div class=\"vc_column-inner\"><div class=\"w-separator size_small\"><\/div><div class=\"w-text us_custom_c80d50f7 has_text_color\"><span class=\"w-text-h\"><span class=\"w-text-value\">2022<\/span><\/span><\/div><div class=\"w-separator size_small\"><\/div><div class=\"wpb_text_column us_custom_214cff5d\"><div class=\"wpb_wrapper\"><h3><strong><span style=\"color: #ffffff;\">PALA<\/span><\/strong><br \/><strong><span style=\"color: #ffffff;\">TOUR<\/span><\/strong><\/h3>\n<p>Pista oficial de la primera versi\u00f3n del torneo de maestros de p\u00e1del.<\/p>\n<\/div><\/div><div class=\"w-separator us_custom_8143f49a size_small\"><\/div><\/div><\/div><\/div><\/div><\/div><\/div><\/div><\/section><section class=\"l-section wpb_row height_medium with_shape\"><div class=\"l-section-shape type_custom pos_bottom\" style=\"height:33%;color:var(--color-content-bg-alt)\"><svg xmlns=\"http:\/\/www.w3.org\/2000\/svg\" viewBox=\"0 0 64 8\" preserveAspectRatio=\"none\" width=\"100%\" height=\"100%\">\r\n\t<path fill=\"currentColor\" d=\"M64 8 L0 8 L0 0 L64 0 Z\"\/>\r\n<\/svg><\/div><div class=\"l-section-h i-cf\"><div class=\"g-cols vc_row via_grid cols_1 laptops-cols_inherit tablets-cols_inherit mobiles-cols_1 valign_top type_default stacking_default\"><div class=\"wpb_column vc_column_container\"><div class=\"vc_column-inner\"><div class=\"wpb_text_column\"><div class=\"wpb_wrapper\"><h1 style=\"text-align: center;\"><strong>VENTA CANCHAS DE PADEL PROFESIONALES PARA COLOMBIA<\/strong><\/h1>\n<\/div><\/div><div class=\"w-separator size_small\"><\/div><div class=\"w-text us_custom_31d68145 has_text_color\"><span class=\"w-text-h\"><span class=\"w-text-value\">En Colombia hemos incorporado la m\u00e1s avanzada tecnolog\u00eda, con rob\u00f3tica, sistemas dom\u00f3ticos y corte l\u00e1ser en nuestras pistas, logrando procesos automatizados y un producto \u00fanico.  Nuestras canchas de p\u00e1del son reconocidas en todo el pa\u00eds y a nivel internacional, con m\u00e1s de 1.500 pistas instaladas en el mundo. Si est\u00e1s pensando en comprar una pista de p\u00e1del en Colombia, cont\u00e1ctanos.<\/span><\/span><\/div><div class=\"w-separator size_medium\"><\/div><div class=\"g-cols wpb_row via_grid cols_3 laptops-cols_inherit tablets-cols_inherit mobiles-cols_1 valign_top type_default stacking_default\" style=\"--columns-gap:2rem;\"><div class=\"wpb_column vc_column_container us_custom_0a785476 has_bg_color\"><div class=\"vc_column-inner\"><div class=\"w-image align_none\"><div class=\"w-image-h\"><img decoding=\"async\" width=\"1024\" height=\"584\" src=\"https:\/\/padelcourtsmaster.uk\/wp-content\/uploads\/2025\/08\/panoramic-1-1024x584.jpg\" class=\"attachment-large size-large\" alt=\"pista de padel profesonal panoramic\" loading=\"lazy\" srcset=\"https:\/\/padelcourtsmaster.uk\/wp-content\/uploads\/2025\/08\/panoramic-1-1024x584.jpg 1024w, https:\/\/padelcourtsmaster.uk\/wp-content\/uploads\/2025\/08\/panoramic-1-300x171.jpg 300w, https:\/\/padelcourtsmaster.uk\/wp-content\/uploads\/2025\/08\/panoramic-1.jpg 1200w\" sizes=\"auto, (max-width: 1024px) 100vw, 1024px\" \/><\/div><\/div><div class=\"w-separator size_small\"><\/div><div class=\"wpb_text_column\"><div class=\"wpb_wrapper\"><h4><strong>PANORAMIC COURT<\/strong><\/h4>\n<p>Nuestra pista m\u00e1s robusta\u00a0 y vendida con perfiles de 150 mm en las esquinas.\u00a0<a href=\"https:\/\/padelcourtsmaster.uk\/index.php\/full-vision-panoramic-court\/\"><br \/>VER MAS<\/a><\/p>\n<\/div><\/div><\/div><\/div><div class=\"wpb_column vc_column_container us_custom_5977b90b has_bg_color\"><div class=\"vc_column-inner\"><div class=\"w-image align_none\"><div class=\"w-image-h\"><img decoding=\"async\" width=\"1024\" height=\"584\" src=\"https:\/\/padelcourtsmaster.uk\/wp-content\/uploads\/2025\/08\/elite-court-1-1024x584.jpg\" class=\"attachment-large size-large\" alt=\"cancha de padel deluxe\" loading=\"lazy\" srcset=\"https:\/\/padelcourtsmaster.uk\/wp-content\/uploads\/2025\/08\/elite-court-1-1024x584.jpg 1024w, https:\/\/padelcourtsmaster.uk\/wp-content\/uploads\/2025\/08\/elite-court-1-300x171.jpg 300w, https:\/\/padelcourtsmaster.uk\/wp-content\/uploads\/2025\/08\/elite-court-1.jpg 1200w\" sizes=\"auto, (max-width: 1024px) 100vw, 1024px\" \/><\/div><\/div><div class=\"w-separator size_small\"><\/div><div class=\"wpb_text_column\"><div class=\"wpb_wrapper\"><h4><strong>PANORAMIC ELITE<\/strong><\/h4>\n<p>Pista con dise\u00f1o \u00fanico que incorpora un perfil tubular redondo en las esquinas.<a href=\"https:\/\/padelcourtsmaster.uk\/index.php\/elite-padel-court\/\"><br \/>VER MAS<\/a><\/p>\n<\/div><\/div><\/div><\/div><div class=\"wpb_column vc_column_container us_custom_0a785476 has_bg_color\"><div class=\"vc_column-inner\"><div class=\"w-image align_none\"><div class=\"w-image-h\"><img decoding=\"async\" width=\"1024\" height=\"584\" src=\"https:\/\/padelcourtsmaster.uk\/wp-content\/uploads\/2025\/08\/premier-court-p1-1024x584.jpg\" class=\"attachment-large size-large\" alt=\"proveedor cancha de padel premier 2025 colombia\" loading=\"lazy\" srcset=\"https:\/\/padelcourtsmaster.uk\/wp-content\/uploads\/2025\/08\/premier-court-p1-1024x584.jpg 1024w, https:\/\/padelcourtsmaster.uk\/wp-content\/uploads\/2025\/08\/premier-court-p1-300x171.jpg 300w, https:\/\/padelcourtsmaster.uk\/wp-content\/uploads\/2025\/08\/premier-court-p1.jpg 1200w\" sizes=\"auto, (max-width: 1024px) 100vw, 1024px\" \/><\/div><\/div><div class=\"w-separator size_small\"><\/div><div class=\"wpb_text_column\"><div class=\"wpb_wrapper\"><h4><strong>PANORAMIC FULL\u00a0<\/strong><\/h4>\n<p>Pista utilizada en competencias de Premier 2024 y 2025 con un dise\u00f1o ultrapanor\u00e1mico.<a href=\"https:\/\/padelcourtsmaster.uk\/index.php\/full-vision-panoramic-court\/\"><br \/>VER MAS<\/a><\/p>\n<\/div><\/div><\/div><\/div><\/div><\/div><\/div><\/div><\/div><\/section>\n","protected":false},"excerpt":{"rendered":"VER MODELOSCONTACTOPROVEEDOR DE CANCHAS DE PADELpARA COLOMBIA2024PREMIERPADEL Padel Master y tres pistas fueron la vitrina de Premier Padel P1. 2025PREMIERPADEL Por segundo a\u00f1o fuimos pista oficial del circuito m\u00e1s grande del mundo. 2023A1PADEL Pista Full View escogida como oficial en el torneo de A1 PADEL. 2023PALATOUR Pista oficial del torneo de maestros del padel en...","protected":false},"author":1,"featured_media":0,"parent":0,"menu_order":0,"comment_status":"closed","ping_status":"closed","template":"","meta":{"footnotes":""},"class_list":["post-511","page","type-page","status-publish","hentry"],"aioseo_notices":[],"_links":{"self":[{"href":"https:\/\/padelcourtsmaster.uk\/index.php\/wp-json\/wp\/v2\/pages\/511","targetHints":{"allow":["GET"]}}],"collection":[{"href":"https:\/\/padelcourtsmaster.uk\/index.php\/wp-json\/wp\/v2\/pages"}],"about":[{"href":"https:\/\/padelcourtsmaster.uk\/index.php\/wp-json\/wp\/v2\/types\/page"}],"author":[{"embeddable":true,"href":"https:\/\/padelcourtsmaster.uk\/index.php\/wp-json\/wp\/v2\/users\/1"}],"replies":[{"embeddable":true,"href":"https:\/\/padelcourtsmaster.uk\/index.php\/wp-json\/wp\/v2\/comments?post=511"}],"version-history":[{"count":32,"href":"https:\/\/padelcourtsmaster.uk\/index.php\/wp-json\/wp\/v2\/pages\/511\/revisions"}],"predecessor-version":[{"id":660,"href":"https:\/\/padelcourtsmaster.uk\/index.php\/wp-json\/wp\/v2\/pages\/511\/revisions\/660"}],"wp:attachment":[{"href":"https:\/\/padelcourtsmaster.uk\/index.php\/wp-json\/wp\/v2\/media?parent=511"}],"curies":[{"name":"wp","href":"https:\/\/api.w.org\/{rel}","templated":true}]}}