{"id":63,"date":"2023-09-15T20:00:18","date_gmt":"2023-09-15T20:00:18","guid":{"rendered":"https:\/\/courtspadel.com\/?page_id=63"},"modified":"2025-08-29T06:49:15","modified_gmt":"2025-08-29T04:49:15","slug":"full-vision-panoramic-court","status":"publish","type":"page","link":"https:\/\/padelcourtsmaster.uk\/index.php\/full-vision-panoramic-court\/","title":{"rendered":"full vision"},"content":{"rendered":"<section class=\"l-section wpb_row us_custom_462cc1e2 height_medium full_height valign_center color_secondary with_video with_vimeo\"><div id=\"us_bg_video_w4ee\" class=\"l-section-video\"><script id=\"us_bg_video_w4ee-script\">!function(w){var node = document.getElementById( 'us_bg_video_w4ee' );if ( w.innerWidth <= 100 ) { node.remove() }}(window);<\/script><style>@media(max-width:100px){#us_bg_video_w4ee{display:none!important}}<\/style><script class=\"vimeo_w4ee\">\r\n\t\t\t\t\tvar script = document.createElement( \"script\" );\r\n\t\t\t\t\tscript.classList.add( \"vimeo_w4ee\" );\r\n\t\t\t\t\tscript.src = \"https:\/\/player.vimeo.com\/api\/player.js\";\r\n\t\t\t\t\tscript.onload = function() {\r\n\t\t\t\t\t\tvar player = new Vimeo.Player( \"us_bg_video_w4ee\", {\r\n\t\t\t\t\t\t\tid: \"1113715049\",\r\n\t\t\t\t\t\t\twidth: window.innerWidth,\r\n\t\t\t\t\t\t\t\"autopause\":false,\"controls\":false,\"autoplay\":true,\"byline\":false,\"loop\":true,\"muted\":true,\"title\":false\r\n\t\t\t\t\t\t} );\r\n\t\t\t\t\t\tplayer.ready().then( function() {\r\n\t\t\t\t\t\t\tplayer.element.allow = \"autoplay; fullscreen; picture-in-picture\";\r\n\t\t\t\t\t\t\tplayer.element.loading = \"lazy\";\r\n\t\t\t\t\t\t\tplayer.element.dispatchEvent( new Event( \"resize\", { bubbles: true } ) );\r\n\t\t\t\t\t\t} );\r\n\t\t\t\t\t\tdocument.querySelectorAll( \"script.vimeo_w4ee\" ).forEach( function( node ) { node.remove() } );\r\n\t\t\t\t\t};\r\n\t\t\t\t\tdocument.head.append( script );\r\n\t\t\t\t<\/script><\/div><div class=\"l-section-h i-cf\"><div class=\"g-cols vc_row via_grid cols_1 laptops-cols_inherit tablets-cols_inherit mobiles-cols_1 valign_top type_default stacking_default\"><div class=\"wpb_column vc_column_container\"><div class=\"vc_column-inner\"><\/div><\/div><\/div><\/div><\/section><section class=\"l-section wpb_row height_medium\"><div class=\"l-section-h i-cf\"><div class=\"g-cols vc_row via_grid cols_3 laptops-cols_1 tablets-cols_inherit mobiles-cols_1 valign_top type_default stacking_default\"><div class=\"wpb_column vc_column_container\"><div class=\"vc_column-inner\"><div class=\"wpb_text_column us_custom_d98eb4eb\"><div class=\"wpb_wrapper\"><h2><strong>FULL VISION\u00a0 MASTER<\/strong><\/h2>\n<\/div><\/div><\/div><\/div><div class=\"wpb_column vc_column_container\"><div class=\"vc_column-inner\"><div class=\"wpb_text_column us_custom_d98eb4eb\"><div class=\"wpb_wrapper\"><p data-start=\"199\" data-end=\"381\">Imagina jugar en la <strong data-start=\"219\" data-end=\"267\">pista m\u00e1s espectacular y utilizada del mundo<\/strong>. Nuestra <strong data-start=\"277\" data-end=\"290\">Panoramic<\/strong> combina dise\u00f1o, innovaci\u00f3n y resistencia para que cada partido se sienta como una final.<\/p>\n<p data-start=\"383\" data-end=\"841\">\ud83d\udd39 <strong data-start=\"386\" data-end=\"422\">Esquinas sin perfiles\u00a0 <\/strong>\u00a0que le dan ese toque ultrapanor\u00e1mico de una pista de mejor est\u00e9tica y m\u00e1s limpia para jugar.<br data-start=\"504\" data-end=\"507\" \/><br data-start=\"608\" data-end=\"611\" \/><\/p>\n<\/div><\/div><\/div><\/div><div class=\"wpb_column vc_column_container\"><div class=\"vc_column-inner\"><div class=\"wpb_text_column us_custom_d98eb4eb\"><div class=\"wpb_wrapper\"><p data-start=\"358\" data-end=\"933\">\ud83d\udd39 <strong data-start=\"646\" data-end=\"680\">Sistema exclusivo Master Shock<\/strong>: amortiguaci\u00f3n lateral y en luminarias para eliminar vibraciones y brindar el <strong data-start=\"759\" data-end=\"793\">m\u00e1ximo confort en cada partido con la mejor tecnolog\u00eda del mundo<\/strong>.<\/p>\n<p data-start=\"358\" data-end=\"933\">\ud83d\udd39 Desarrollada con <strong data-start=\"817\" data-end=\"840\">tecnolog\u00eda de punta<\/strong>, homologada para competiciones y pensada para durar a\u00f1os en las condiciones m\u00e1s exigentes.<\/p>\n<p data-start=\"935\" data-end=\"1104\">\u00a0<\/p>\n<\/div><\/div><\/div><\/div><\/div><\/div><\/section><section class=\"l-section wpb_row height_auto width_full\"><div class=\"l-section-h i-cf\"><div class=\"g-cols vc_row via_grid cols_1 laptops-cols_inherit tablets-cols_inherit mobiles-cols_1 valign_top type_default stacking_default\"><div class=\"wpb_column vc_column_container\"><div class=\"vc_column-inner\"><div class=\"w-image align_none\"><div class=\"w-image-h\"><img decoding=\"async\" width=\"2560\" height=\"913\" src=\"https:\/\/padelcourtsmaster.uk\/wp-content\/uploads\/2025\/08\/imagen-full-court-360-scaled.jpg\" class=\"attachment-full size-full\" alt=\"full view 360 court\" loading=\"lazy\" srcset=\"https:\/\/padelcourtsmaster.uk\/wp-content\/uploads\/2025\/08\/imagen-full-court-360-scaled.jpg 2560w, https:\/\/padelcourtsmaster.uk\/wp-content\/uploads\/2025\/08\/imagen-full-court-360-300x107.jpg 300w, https:\/\/padelcourtsmaster.uk\/wp-content\/uploads\/2025\/08\/imagen-full-court-360-1024x365.jpg 1024w\" sizes=\"auto, (max-width: 2560px) 100vw, 2560px\" \/><\/div><\/div><\/div><\/div><\/div><\/div><\/section><section class=\"l-section wpb_row height_medium\"><div class=\"l-section-h i-cf\"><div class=\"g-cols vc_row via_grid cols_1 laptops-cols_inherit tablets-cols_inherit mobiles-cols_1 valign_top type_default stacking_default\"><div class=\"wpb_column vc_column_container us_custom_83675d16 has_text_color has_bg_color\"><div class=\"vc_column-inner\"><h2 class=\"w-text us_custom_eb849559\"><span class=\"w-text-h\"><span class=\"w-text-value\">ESPECIFICACIONES TECNICAS PISTA FULL VIEW<\/span><\/span><\/h2><div class=\"w-separator size_small\"><\/div><div class=\"g-cols wpb_row via_grid cols_2 laptops-cols_inherit tablets-cols_inherit mobiles-cols_1 valign_top type_default stacking_default\" style=\"--columns-gap:3rem;\"><div class=\"wpb_column vc_column_container\"><div class=\"vc_column-inner\"><div class=\"wpb_text_column\"><div class=\"wpb_wrapper\"><h4 style=\"text-align: center;\">ESTRUCTURAL PISTA\u00a0<\/h4>\n<ul>\n<li><span class=\"color_14\">8 marcos en los costados de 3000x2000mm\u00a0 y 4 marcos de 3000&#215;1000 en acero\u00a0 \u00a0S235JR de 60&#215;40 y perfiles interiores horizontales\u00a0 de 50x5mm revestidos con malla de acero galvanizado electrosoldado de 50x50x4 mm. La estructura de dichos marcos se fija al suelo mediante pernos de expansi\u00f3n y sistema master shock sobre bases de\u00a0 8 mm de espesor.<\/span><\/li>\n<li><span class=\"color_14\">2 m\u00f3dulos de 2000x800mm en perfil\u00a0 \u00a0de 60&#215;40 recubiertos con malla electrosoldada de 50x50x4mm galvanizada para el tramo\u00a0 de accesos.<\/span><\/li>\n<li><span class=\"color_14\">Aro superior de la pista para sujeci\u00f3n de vidrios de 12 mm compuesto por perfil de acero galvanizado S235JR de 150x50x3mm.<\/span><\/li>\n<li><span class=\"color_14\">30 metros lineales de perfil estructural\u00a0 \u00a0de 80x40x2mm para la fijaci\u00f3n inferior del cristal de la pista de p\u00e1del.<\/span><\/li>\n<li><span class=\"color_14\">Nuestra pista cumple con toda la normativa relacionada con el p\u00e1del, calidad, certificaciones y complementos para el ejercicio profesional del p\u00e1del.<\/span><\/li>\n<\/ul>\n<\/div><\/div><\/div><\/div><div class=\"wpb_column vc_column_container\"><div class=\"vc_column-inner\"><div class=\"wpb_text_column us_custom_6df4bc3a has_text_color\"><div class=\"wpb_wrapper\"><h4 style=\"text-align: center;\"><span style=\"color: #ffffff;\">CRISTALES<\/span><\/h4>\n<ul>\n<li><span class=\"color_14\">18\u00a0 cristales templado de 12mm, que cumplen con la normativa de la Federaci\u00f3n Internacional de P\u00e1del.<\/span><\/li>\n<\/ul>\n<h4 style=\"text-align: center;\">CESPED<\/h4>\n<ul>\n<li><span class=\"color_14\">C\u00e9sped artificial de competici\u00f3n texturizado de 12mm de altura de \u00faltima generaci\u00f3n (9000dtex) con base de poliuretano en tramos de 5 metros de ancho.<\/span><\/li>\n<\/ul>\n<h4 style=\"text-align: center;\"><span style=\"color: #ffffff;\">ILUMINACION<\/span><\/h4>\n<ul>\n<li>\u00a0Nuestro pista\u00a0 utiliza 12 luces LED de 150 watts.\u00a0\u00a0<br \/>\u00a0<br \/>\n<h4 style=\"text-align: center;\"><span style=\"color: #ffffff;\">ACABADO<\/span><\/h4>\n<\/li>\n<li><span class=\"color_14\">Todas nuestras FULL de lujo est\u00e1n galvanizadas en zinc caliente+ tornilleria inox y posteriormente son repintadas con pintura en polvo y tratadas en hornos de pintura.<\/span><\/li>\n<\/ul>\n<ul>\n<li style=\"list-style-type: none;\">\n<ul>\n<li style=\"list-style-type: none;\">\u00a0<\/li>\n<\/ul>\n<\/li>\n<\/ul>\n<\/div><\/div><\/div><\/div><\/div><\/div><\/div><\/div><\/div><\/section>\n","protected":false},"excerpt":{"rendered":"FULL VISION\u00a0 MASTER Imagina jugar en la pista m\u00e1s espectacular y utilizada del mundo. Nuestra Panoramic combina dise\u00f1o, innovaci\u00f3n y resistencia para que cada partido se sienta como una final. \ud83d\udd39 Esquinas sin perfiles\u00a0 \u00a0que le dan ese toque ultrapanor\u00e1mico de una pista de mejor est\u00e9tica y m\u00e1s limpia para jugar. \ud83d\udd39 Sistema exclusivo Master...","protected":false},"author":1,"featured_media":0,"parent":0,"menu_order":0,"comment_status":"closed","ping_status":"closed","template":"","meta":{"footnotes":""},"class_list":["post-63","page","type-page","status-publish","hentry"],"aioseo_notices":[],"_links":{"self":[{"href":"https:\/\/padelcourtsmaster.uk\/index.php\/wp-json\/wp\/v2\/pages\/63","targetHints":{"allow":["GET"]}}],"collection":[{"href":"https:\/\/padelcourtsmaster.uk\/index.php\/wp-json\/wp\/v2\/pages"}],"about":[{"href":"https:\/\/padelcourtsmaster.uk\/index.php\/wp-json\/wp\/v2\/types\/page"}],"author":[{"embeddable":true,"href":"https:\/\/padelcourtsmaster.uk\/index.php\/wp-json\/wp\/v2\/users\/1"}],"replies":[{"embeddable":true,"href":"https:\/\/padelcourtsmaster.uk\/index.php\/wp-json\/wp\/v2\/comments?post=63"}],"version-history":[{"count":14,"href":"https:\/\/padelcourtsmaster.uk\/index.php\/wp-json\/wp\/v2\/pages\/63\/revisions"}],"predecessor-version":[{"id":646,"href":"https:\/\/padelcourtsmaster.uk\/index.php\/wp-json\/wp\/v2\/pages\/63\/revisions\/646"}],"wp:attachment":[{"href":"https:\/\/padelcourtsmaster.uk\/index.php\/wp-json\/wp\/v2\/media?parent=63"}],"curies":[{"name":"wp","href":"https:\/\/api.w.org\/{rel}","templated":true}]}}