{"id":97,"date":"2023-09-15T21:21:03","date_gmt":"2023-09-15T21:21:03","guid":{"rendered":"https:\/\/courtspadel.com\/?page_id=97"},"modified":"2025-08-27T05:41:44","modified_gmt":"2025-08-27T03:41:44","slug":"contact","status":"publish","type":"page","link":"https:\/\/padelcourtsmaster.uk\/index.php\/contact\/","title":{"rendered":"CONTACTO"},"content":{"rendered":"<section class=\"l-section wpb_row height_medium with_video with_vimeo\"><div id=\"us_bg_video_pebc\" class=\"l-section-video\"><script id=\"us_bg_video_pebc-script\">!function(w){var node = document.getElementById( 'us_bg_video_pebc' );if ( w.innerWidth <= 100 ) { node.remove() }}(window);<\/script><style>@media(max-width:100px){#us_bg_video_pebc{display:none!important}}<\/style><script class=\"vimeo_pebc\">\r\n\t\t\t\t\tvar script = document.createElement( \"script\" );\r\n\t\t\t\t\tscript.classList.add( \"vimeo_pebc\" );\r\n\t\t\t\t\tscript.src = \"https:\/\/player.vimeo.com\/api\/player.js\";\r\n\t\t\t\t\tscript.onload = function() {\r\n\t\t\t\t\t\tvar player = new Vimeo.Player( \"us_bg_video_pebc\", {\r\n\t\t\t\t\t\t\tid: \"https:\/\/vimeo.com\/1078986890\/04a9c5493a?share=copy\",\r\n\t\t\t\t\t\t\twidth: window.innerWidth,\r\n\t\t\t\t\t\t\t\"autopause\":false,\"controls\":false,\"autoplay\":true,\"byline\":false,\"loop\":true,\"muted\":true,\"title\":false\r\n\t\t\t\t\t\t} );\r\n\t\t\t\t\t\tplayer.ready().then( function() {\r\n\t\t\t\t\t\t\tplayer.element.allow = \"autoplay; fullscreen; picture-in-picture\";\r\n\t\t\t\t\t\t\tplayer.element.loading = \"lazy\";\r\n\t\t\t\t\t\t\tplayer.element.dispatchEvent( new Event( \"resize\", { bubbles: true } ) );\r\n\t\t\t\t\t\t} );\r\n\t\t\t\t\t\tdocument.querySelectorAll( \"script.vimeo_pebc\" ).forEach( function( node ) { node.remove() } );\r\n\t\t\t\t\t};\r\n\t\t\t\t\tdocument.head.append( script );\r\n\t\t\t\t<\/script><\/div><div class=\"l-section-h i-cf\"><div class=\"g-cols vc_row via_grid cols_1 laptops-cols_inherit tablets-cols_inherit mobiles-cols_1 valign_top type_default stacking_default\"><div class=\"wpb_column vc_column_container\"><div class=\"vc_column-inner\"><div class=\"w-separator size_custom\" style=\"height:400px\"><\/div><\/div><\/div><\/div><\/div><\/section><section class=\"l-section wpb_row us_custom_623ba360 height_medium\"><div class=\"l-section-h i-cf\"><div class=\"g-cols vc_row via_grid cols_1 laptops-cols_inherit tablets-cols_inherit mobiles-cols_1 valign_top type_default stacking_default\"><div class=\"wpb_column vc_column_container\"><div class=\"vc_column-inner\"><div class=\"w-vwrapper us_custom_db98bc72 align_center valign_top\" style=\"--vwrapper-gap:0rem\"><div class=\"w-text us_custom_0259209c has_text_color\"><span class=\"w-text-h\"><span class=\"w-text-value\">QUIERES CONSTRUIR<\/span><\/span><\/div><div class=\"w-text us_custom_9e11d584 has_text_color\"><span class=\"w-text-h\"><span class=\"w-text-value\"> PADEL en colombia<\/span><\/span><\/div><\/div><\/div><\/div><\/div><\/div><\/section><section class=\"l-section wpb_row us_custom_e777ee55 has_text_color height_medium\"><div class=\"l-section-h i-cf\"><div class=\"g-cols vc_row via_grid cols_2 laptops-cols_inherit tablets-cols_inherit mobiles-cols_1 valign_middle type_default stacking_default\"><div class=\"wpb_column vc_column_container\"><div class=\"vc_column-inner\"><h2 class=\"w-text us_custom_6df4bc3a has_text_color\"><span class=\"w-text-h\"><span class=\"w-text-value\">INFORMACION DE CONTACTO<\/span><\/span><\/h2><div class=\"w-separator size_small\"><\/div><div class=\"wpb_text_column us_custom_41104a16\"><div class=\"wpb_wrapper\"><p>Escr\u00edbenos para cualquier tipo de consultas a:<\/p>\n<p>CONTACTO@PADELCOURTSMASTER.COM<\/p>\n<p>+34 655 33 39 53<\/p>\n<p>VALLDONZELLA 36, PRINCIPAL 1<br \/>\nCODIGO POSTAL 08001<br \/>\nBARCELONA<\/p>\n<p>WWW.PADELCOURTSMASTER.COM<\/p>\n<\/div><\/div><\/div><\/div><div class=\"wpb_column vc_column_container us_custom_30d5550c\"><div class=\"vc_column-inner\"><form class=\"w-form  us-field-style_1 us_custom_4076faf9 has_text_color layout_ver for_cform us_form_1\" autocomplete=\"off\" action=\"https:\/\/padelcourtsmaster.uk\/index.php\/wp-json\/wp\/v2\/pages\/97\" method=\"post\" style=\"--fields-gap:1.5rem\"><div class=\"w-form-h\"><div class=\"w-form-row for_text has_label required\">\r\n\t\t\t<div class=\"w-form-row-label\">\r\n\t\t\t<span>Nombre *<\/span>\r\n\t\t<\/div>\r\n\t\t<div class=\"w-form-row-field\">\r\n\t\t\t\t\t\t<input aria-label=\"Nombre\" type=\"text\" name=\"us_form_1_text_1\" value placeholder data-required=\"true\" aria-required=\"true\"\/>\r\n\t\t\t<\/div>\r\n\t\t<div class=\"w-form-row-state\">Rellena este campo<\/div>\r\n<\/div>\r\n<div class=\"w-form-row for_email has_label required cols_2\">\r\n\t\t\t<div class=\"w-form-row-label\">\r\n\t\t\t<span>Email *<\/span>\r\n\t\t<\/div>\r\n\t\t<div class=\"w-form-row-field\">\r\n\t\t\t\t\t\t<input aria-label=\"Email\" type=\"email\" name=\"us_form_1_email_1\" value placeholder=\"mail@mail.com\" data-required=\"true\" aria-required=\"true\"\/>\r\n\t\t\t<\/div>\r\n\t\t<div class=\"w-form-row-state\">Por favor, introduce una direcci\u00f3n de correo electr\u00f3nico v\u00e1lida.<\/div>\r\n<\/div>\r\n<div class=\"w-form-row for_text has_label required cols_2\">\r\n\t\t\t<div class=\"w-form-row-label\">\r\n\t\t\t<span>Tel\u00e9fono *<\/span>\r\n\t\t<\/div>\r\n\t\t<div class=\"w-form-row-field\">\r\n\t\t\t\t\t\t<input aria-label=\"Tel\u00e9fono\" type=\"text\" name=\"us_form_1_text_2\" value placeholder data-required=\"true\" aria-required=\"true\"\/>\r\n\t\t\t<\/div>\r\n\t\t<div class=\"w-form-row-state\">Rellena este campo<\/div>\r\n<\/div>\r\n<div class=\"w-form-row for_select has_label cols_2\">\r\n\t\t\t<div class=\"w-form-row-label\">\r\n\t\t\t<span>Asunto<\/span>\r\n\t\t<\/div>\r\n\t\t<div class=\"w-form-row-field\">\r\n\t\t\t\t\t\t<select aria-label=\"Asunto\" name=\"us_form_1_select_1\">\r\n\t\t\t<option value=\"Nuestras pistas\">Nuestras pistas<\/option><option value=\"Representaci\u00f3n\">Representaci\u00f3n<\/option><option value=\"Servicio de Post Venta\">Servicio de Post Venta<\/option><option value=\"Otro\">Otro<\/option>\t\t<\/select>\r\n\t\t\t<\/div>\r\n\t\t<div class=\"w-form-row-state\">Selecciona una opci\u00f3n<\/div>\r\n<\/div>\r\n<div class=\"w-form-row for_select has_label cols_2\">\r\n\t\t\t<div class=\"w-form-row-label\">\r\n\t\t\t<span>Cantidad de Pistas<\/span>\r\n\t\t<\/div>\r\n\t\t<div class=\"w-form-row-field\">\r\n\t\t\t\t\t\t<select aria-label=\"Cantidad de Pistas\" name=\"us_form_1_select_2\">\r\n\t\t\t<option value=\"agregar\">agregar<\/option><option value=\"1\">1<\/option><option value=\"2\">2<\/option><option value=\"3\">3<\/option><option value=\"4\">4<\/option><option value=\"5\">5<\/option><option value=\"6\">6<\/option><option value=\"7\">7<\/option><option value=\"8\">8<\/option><option value=\"9\">9<\/option><option value=\"10\">10<\/option><option value=\"+10\">+10<\/option><option value=\"Third Town\">Third Town<\/option>\t\t<\/select>\r\n\t\t\t<\/div>\r\n\t\t<div class=\"w-form-row-state\">Selecciona una opci\u00f3n<\/div>\r\n<\/div>\r\n<div class=\"w-form-row for_textarea has_label\">\r\n\t\t\t<div class=\"w-form-row-label\">\r\n\t\t\t<span>Agrega tu comentario<\/span>\r\n\t\t<\/div>\r\n\t\t<div class=\"w-form-row-field\">\r\n\t\t\t\t\t\t<textarea aria-label=\"Agrega tu comentario\" name=\"us_form_1_textarea_1\" placeholder><\/textarea>\r\n\t\t\t<\/div>\r\n\t\t<div class=\"w-form-row-state\">Rellena este campo<\/div>\r\n<\/div>\r\n<input type=\"hidden\" name=\"action\" value=\"us_ajax_cform\" \/>\r\n<input type=\"hidden\" name=\"post_id\" value=\"0\" \/>\r\n<input type=\"hidden\" name=\"form_index\" value=\"1\" \/>\r\n<div class=\"w-form-row for_submit default_align_none laptops_align_none tablets_align_none mobiles_align_justify\">\r\n\t<button class=\"w-btn  us-btn-style_1\" aria-label=\"ENVIAR\" type=\"submit\">\r\n\t\t<span class=\"g-preloader type_1\"><\/span>\r\n\t\t\t\t<span class=\"w-btn-label\">ENVIAR<\/span>\r\n\t\t\t<\/button>\r\n\t<\/div>\r\n<\/div><div class=\"w-form-message\"><\/div><div class=\"w-form-json hidden\" onclick='return {&quot;ajaxurl&quot;:&quot;https:\\\/\\\/padelcourtsmaster.uk\\\/wp-admin\\\/admin-ajax.php&quot;,&quot;messages&quot;:{&quot;err_empty&quot;:&quot;Rellena este campo&quot;,&quot;err_size&quot;:&quot;El tama\\u00f1o del archivo no puede exceder %s MB&quot;,&quot;err_extension&quot;:&quot;El tipo de archivo %s no est\\u00e1 permitido&quot;,&quot;err_recaptcha_keys&quot;:&quot;Las claves de reCAPTCHA son incorrectas&quot;}}'><\/div><\/form><\/div><\/div><\/div><\/div><\/section>\n","protected":false},"excerpt":{"rendered":"QUIERES CONSTRUIR PADEL en colombiaINFORMACION DE CONTACTOEscr\u00edbenos para cualquier tipo de consultas a: CONTACTO@PADELCOURTSMASTER.COM +34 655 33 39 53 VALLDONZELLA 36, PRINCIPAL 1 CODIGO POSTAL 08001 BARCELONA WWW.PADELCOURTSMASTER.COM Nombre * Rellena este campo Email * Por favor, introduce una direcci\u00f3n de correo electr\u00f3nico v\u00e1lida. Tel\u00e9fono * Rellena este campo Asunto Nuestras pistasRepresentaci\u00f3nServicio de Post VentaOtro...","protected":false},"author":1,"featured_media":0,"parent":0,"menu_order":0,"comment_status":"closed","ping_status":"closed","template":"","meta":{"footnotes":""},"class_list":["post-97","page","type-page","status-publish","hentry"],"aioseo_notices":[],"_links":{"self":[{"href":"https:\/\/padelcourtsmaster.uk\/index.php\/wp-json\/wp\/v2\/pages\/97","targetHints":{"allow":["GET"]}}],"collection":[{"href":"https:\/\/padelcourtsmaster.uk\/index.php\/wp-json\/wp\/v2\/pages"}],"about":[{"href":"https:\/\/padelcourtsmaster.uk\/index.php\/wp-json\/wp\/v2\/types\/page"}],"author":[{"embeddable":true,"href":"https:\/\/padelcourtsmaster.uk\/index.php\/wp-json\/wp\/v2\/users\/1"}],"replies":[{"embeddable":true,"href":"https:\/\/padelcourtsmaster.uk\/index.php\/wp-json\/wp\/v2\/comments?post=97"}],"version-history":[{"count":5,"href":"https:\/\/padelcourtsmaster.uk\/index.php\/wp-json\/wp\/v2\/pages\/97\/revisions"}],"predecessor-version":[{"id":609,"href":"https:\/\/padelcourtsmaster.uk\/index.php\/wp-json\/wp\/v2\/pages\/97\/revisions\/609"}],"wp:attachment":[{"href":"https:\/\/padelcourtsmaster.uk\/index.php\/wp-json\/wp\/v2\/media?parent=97"}],"curies":[{"name":"wp","href":"https:\/\/api.w.org\/{rel}","templated":true}]}}